{"id":144,"date":"2024-01-15T22:21:03","date_gmt":"2024-01-15T18:51:03","guid":{"rendered":"https:\/\/hodamoment.ir\/demo01\/?page_id=144"},"modified":"2024-02-28T07:07:11","modified_gmt":"2024-02-28T07:07:11","slug":"histoire","status":"publish","type":"page","link":"https:\/\/sarvsanatsepahan.com\/fr\/histoire\/","title":{"rendered":"Histoire de l&#8217;entreprise"},"content":{"rendered":"\t\t<div data-elementor-type=\"wp-page\" data-elementor-id=\"144\" class=\"elementor elementor-144\" data-elementor-post-type=\"page\">\n\t\t\t\t<div class=\"elementor-element elementor-element-24ca486 e-flex e-con-boxed e-con e-parent\" data-id=\"24ca486\" data-element_type=\"container\" data-settings=\"{&quot;background_background&quot;:&quot;classic&quot;,&quot;container_type&quot;:&quot;flex&quot;,&quot;content_width&quot;:&quot;boxed&quot;}\" data-e-bg-lazyload=\"\" data-core-v316-plus=\"true\">\n\t\t\t\t\t<div class=\"e-con-inner\">\n\t\t\t\t<div class=\"elementor-element elementor-element-9a69b41 elementor-widget elementor-widget-heading\" data-id=\"9a69b41\" data-element_type=\"widget\" data-widget_type=\"heading.default\">\n\t\t\t\t<div class=\"elementor-widget-container\">\n\t\t\t<style>\/*! elementor - v3.19.0 - 07-02-2024 *\/\n.elementor-heading-title{padding:0;margin:0;line-height:1}.elementor-widget-heading .elementor-heading-title[class*=elementor-size-]>a{color:inherit;font-size:inherit;line-height:inherit}.elementor-widget-heading .elementor-heading-title.elementor-size-small{font-size:15px}.elementor-widget-heading .elementor-heading-title.elementor-size-medium{font-size:19px}.elementor-widget-heading .elementor-heading-title.elementor-size-large{font-size:29px}.elementor-widget-heading .elementor-heading-title.elementor-size-xl{font-size:39px}.elementor-widget-heading .elementor-heading-title.elementor-size-xxl{font-size:59px}<\/style><h1 class=\"elementor-heading-title elementor-size-default\">Histoire de l'entreprise<\/h1>\t\t<\/div>\n\t\t\t\t<\/div>\n\t\t\t\t<div class=\"elementor-element elementor-element-e733e80 elementor-widget elementor-widget-text-editor\" data-id=\"e733e80\" data-element_type=\"widget\" data-widget_type=\"text-editor.default\">\n\t\t\t\t<div class=\"elementor-widget-container\">\n\t\t\t<style>\/*! elementor - v3.19.0 - 07-02-2024 *\/\n.elementor-widget-text-editor.elementor-drop-cap-view-stacked .elementor-drop-cap{background-color:#69727d;color:#fff}.elementor-widget-text-editor.elementor-drop-cap-view-framed .elementor-drop-cap{color:#69727d;border:3px solid;background-color:transparent}.elementor-widget-text-editor:not(.elementor-drop-cap-view-default) .elementor-drop-cap{margin-top:8px}.elementor-widget-text-editor:not(.elementor-drop-cap-view-default) .elementor-drop-cap-letter{width:1em;height:1em}.elementor-widget-text-editor .elementor-drop-cap{float:left;text-align:center;line-height:1;font-size:50px}.elementor-widget-text-editor .elementor-drop-cap-letter{display:inline-block}<\/style>\t\t\t\t<p>Pr\u00e9sentation de la soci\u00e9t\u00e9<\/p>\t\t\t\t\t\t<\/div>\n\t\t\t\t<\/div>\n\t\t\t\t\t<\/div>\n\t\t\t\t<\/div>\n\t\t<div class=\"elementor-element elementor-element-645337e e-flex e-con-boxed e-con e-parent\" data-id=\"645337e\" data-element_type=\"container\" data-settings=\"{&quot;container_type&quot;:&quot;flex&quot;,&quot;content_width&quot;:&quot;boxed&quot;}\" data-core-v316-plus=\"true\">\n\t\t\t\t\t<div class=\"e-con-inner\">\n\t\t\t\t<div class=\"elementor-element elementor-element-f60ff20 elementor-widget elementor-widget-text-editor\" data-id=\"f60ff20\" data-element_type=\"widget\" data-widget_type=\"text-editor.default\">\n\t\t\t\t<div class=\"elementor-widget-container\">\n\t\t\t\t\t\t\t<p><strong>Nom de la soci\u00e9t\u00e9:<\/strong> Sarv Sanat Sepahan, la soci\u00e9t\u00e9 de la fabrication et commerciale<\/p><p><strong>Type de la soci\u00e9t\u00e9:<\/strong> Une soci\u00e9t\u00e9 par actions<\/p><p><strong>Date d\u2019\u00e9tablissement:<\/strong> 2004<\/p><p><strong>Domaine d&#8217;activit\u00e9:<\/strong> Production de diverses pi\u00e8ces polym\u00e8re composites et m\u00e9talliques de la carrosserie automobile<\/p>\t\t\t\t\t\t<\/div>\n\t\t\t\t<\/div>\n\t\t\t\t<div class=\"elementor-element elementor-element-f873b3c elementor-widget elementor-widget-heading\" data-id=\"f873b3c\" data-element_type=\"widget\" data-widget_type=\"heading.default\">\n\t\t\t\t<div class=\"elementor-widget-container\">\n\t\t\t<h2 class=\"elementor-heading-title elementor-size-default\">Les dossiers de la soci\u00e9t\u00e9 <\/h2>\t\t<\/div>\n\t\t\t\t<\/div>\n\t\t\t\t<div class=\"elementor-element elementor-element-6098aa6 elementor-widget elementor-widget-text-editor\" data-id=\"6098aa6\" data-element_type=\"widget\" data-widget_type=\"text-editor.default\">\n\t\t\t\t<div class=\"elementor-widget-container\">\n\t\t\t\t\t\t\t<p>La soci\u00e9t\u00e9 Sarv Sanat Sepahan, le premier producteur des pi\u00e8ces de la carrosserie, avec plus de 18 ans d&#8217;exp\u00e9rience dans la production des pi\u00e8ces de la carrosserie en polym\u00e8re, composite et m\u00e9tal en Iran, a commenc\u00e9 son activit\u00e9 avec la production de pi\u00e8ces en polym\u00e8re depuis 2004 sur le site num\u00e9ro un, situ\u00e9 dans la ville industrielle de Sajzi \u00e0 Ispahan dans une zone de 50000 m\u00e8tres carr\u00e9s.<\/p><p>Et au cours des ann\u00e9es suivantes, avec le d\u00e9clenchement de lignes de peinture pour les pi\u00e8ces polym\u00e8res et m\u00e9talliques, de la chaine de production pour les pi\u00e8ces composites et m\u00e9talliques et l\u2019ouverture d&#8217;une ligne de production pour diverses soci\u00e9t\u00e9s d&#8217;ing\u00e9nierie sur le site num\u00e9ro deux d&#8217;Ispahan, son activit\u00e9 s&#8217;est accrue dans le domaine de la production de plus de 250 types de pi\u00e8ces de carrosserie et devenu le premier fabricant de pi\u00e8ces de carrosserie en polym\u00e8re, composite et m\u00e9tal en Iran.<br \/>Afin de fournir toutes sortes de pi\u00e8ces requises pour les constructeurs automobiles, la soci\u00e9t\u00e9 a \u00e9tabli son site num\u00e9ro trois sur une surface de 34000 m\u00e8tres carr\u00e9s dans la ville industrielle de Parand \u00e0 T\u00e9h\u00e9ran, qui est op\u00e9rationnel dans la premi\u00e8re phase de 6500 m\u00e8tres carr\u00e9s et dans le plan de d\u00e9veloppement, la deuxi\u00e8me phase de ce site est d&#8217;une superficie de 40000 m\u00e8tres carr\u00e9s.<\/p><p>La soci\u00e9t\u00e9 Sarv Sanat Sepahan a \u00e9galement r\u00e9ussi \u00e0 obtenir les certificats ISOTS \/ 16949 en 2014 et classe B de la soci\u00e9t\u00e9 Sapco et a r\u00e9ussi \u00e0 recevoir la certification IATF 16949 en 2017.<\/p>\t\t\t\t\t\t<\/div>\n\t\t\t\t<\/div>\n\t\t\t\t\t<\/div>\n\t\t\t\t<\/div>\n\t\t<div class=\"elementor-element elementor-element-7c390e6 e-flex e-con-boxed e-con e-parent\" data-id=\"7c390e6\" data-element_type=\"container\" data-settings=\"{&quot;container_type&quot;:&quot;flex&quot;,&quot;content_width&quot;:&quot;boxed&quot;}\" data-core-v316-plus=\"true\">\n\t\t\t\t\t<div class=\"e-con-inner\">\n\t\t\t\t<div class=\"elementor-element elementor-element-75028fd elementor-widget elementor-widget-heading\" data-id=\"75028fd\" data-element_type=\"widget\" data-widget_type=\"heading.default\">\n\t\t\t\t<div class=\"elementor-widget-container\">\n\t\t\t<h2 class=\"elementor-heading-title elementor-size-default\">Sites de production de la soci\u00e9t\u00e9<\/h2>\t\t<\/div>\n\t\t\t\t<\/div>\n\t\t\t\t<div class=\"elementor-element elementor-element-7fedefb elementor-widget elementor-widget-heading\" data-id=\"7fedefb\" data-element_type=\"widget\" data-widget_type=\"heading.default\">\n\t\t\t\t<div class=\"elementor-widget-container\">\n\t\t\t<h3 class=\"elementor-heading-title elementor-size-default\">Site num\u00e9ro un d'Ispahan<\/h3>\t\t<\/div>\n\t\t\t\t<\/div>\n\t\t\t\t<div class=\"elementor-element elementor-element-9a67a2b elementor-widget elementor-widget-text-editor\" data-id=\"9a67a2b\" data-element_type=\"widget\" data-widget_type=\"text-editor.default\">\n\t\t\t\t<div class=\"elementor-widget-container\">\n\t\t\t\t\t\t\t<p><strong>Domaine d&#8217;activit\u00e9:<\/strong> Production de pi\u00e8ces polym\u00e8res, pi\u00e8ces polym\u00e8res color\u00e9es, pi\u00e8ces composites, pi\u00e8ces m\u00e9talliques et assemblage<\/p><p><strong>Superficie totale:<\/strong> 50000 m\u00e8tres carr\u00e9s<\/p>\t\t\t\t\t\t<\/div>\n\t\t\t\t<\/div>\n\t\t\t\t<div class=\"elementor-element elementor-element-65d2995 elementor-widget elementor-widget-heading\" data-id=\"65d2995\" data-element_type=\"widget\" data-widget_type=\"heading.default\">\n\t\t\t\t<div class=\"elementor-widget-container\">\n\t\t\t<h3 class=\"elementor-heading-title elementor-size-default\">Site num\u00e9ro deux d'Ispahan <\/h3>\t\t<\/div>\n\t\t\t\t<\/div>\n\t\t\t\t<div class=\"elementor-element elementor-element-f562194 elementor-widget elementor-widget-text-editor\" data-id=\"f562194\" data-element_type=\"widget\" data-widget_type=\"text-editor.default\">\n\t\t\t\t<div class=\"elementor-widget-container\">\n\t\t\t\t\t\t\t<p><strong>Domaine d&#8217;activit\u00e9:<\/strong> (Production de compos\u00e9s techniques grand public de la soci\u00e9t\u00e9) avec une capacit\u00e9 de production d&#8217;environ <br \/>10000 kg de compos\u00e9s techniques par jour, dans le plan de d\u00e9veloppement de ce site, un doublement de la capacit\u00e9 de production est envisag\u00e9.<\/p><p><strong>m\u00e9trage totale:<\/strong> 8000 m\u00e8tres carr\u00e9s<\/p>\t\t\t\t\t\t<\/div>\n\t\t\t\t<\/div>\n\t\t\t\t<div class=\"elementor-element elementor-element-b9b828d elementor-widget elementor-widget-heading\" data-id=\"b9b828d\" data-element_type=\"widget\" data-widget_type=\"heading.default\">\n\t\t\t\t<div class=\"elementor-widget-container\">\n\t\t\t<h3 class=\"elementor-heading-title elementor-size-default\">Site de T\u00e9h\u00e9ran <\/h3>\t\t<\/div>\n\t\t\t\t<\/div>\n\t\t\t\t<div class=\"elementor-element elementor-element-37edf99 elementor-widget elementor-widget-text-editor\" data-id=\"37edf99\" data-element_type=\"widget\" data-widget_type=\"text-editor.default\">\n\t\t\t\t<div class=\"elementor-widget-container\">\n\t\t\t\t\t\t\t<p><strong>Domaine d&#8217;activit\u00e9:<\/strong> Production de pi\u00e8ces polym\u00e8res, pi\u00e8ces polym\u00e8res color\u00e9es, production de pi\u00e8ces extrudeuses pour pare-chocs d\u00e9coratifs, assemblage<br \/><strong>m\u00e9trage totale:<\/strong> 34000m\u00e8tres carr\u00e9s, dont la premi\u00e8re phase est op\u00e9rationnelle sur 6500 m\u00e8tres carr\u00e9s et le d\u00e9veloppement de la deuxi\u00e8me phase d&#8217;une superficie de 40000 m\u00e8tres carr\u00e9s est en cours.<\/p><p><br \/><strong>Domaine d&#8217;activit\u00e9:<\/strong> Production de pi\u00e8ces polym\u00e8res, pi\u00e8ces polym\u00e8res color\u00e9es, pi\u00e8ces composites, pi\u00e8ces m\u00e9talliques et assemblage<br \/><strong>m\u00e9trage totale:<\/strong> 50000 m\u00e8tres carr\u00e9s<\/p>\t\t\t\t\t\t<\/div>\n\t\t\t\t<\/div>\n\t\t\t\t\t<\/div>\n\t\t\t\t<\/div>\n\t\t\t\t<\/div>\n\t\t","protected":false},"excerpt":{"rendered":"<p>Histoire de l&#8217;entreprise Pr\u00e9sentation de la soci\u00e9t\u00e9 Nom de la soci\u00e9t\u00e9: Sarv Sanat Sepahan, la soci\u00e9t\u00e9 de la fabrication et commerciale Type de la soci\u00e9t\u00e9: Une soci\u00e9t\u00e9 par actions Date d\u2019\u00e9tablissement: 2004 Domaine d&#8217;activit\u00e9: Production de diverses pi\u00e8ces polym\u00e8re composites et m\u00e9talliques de la carrosserie automobile Les dossiers de la soci\u00e9t\u00e9 La soci\u00e9t\u00e9 Sarv Sanat [&hellip;]<\/p>\n","protected":false},"author":1,"featured_media":0,"parent":0,"menu_order":0,"comment_status":"closed","ping_status":"closed","template":"","meta":{"footnotes":""},"class_list":["post-144","page","type-page","status-publish","hentry"],"_links":{"self":[{"href":"https:\/\/sarvsanatsepahan.com\/fr\/wp-json\/wp\/v2\/pages\/144","targetHints":{"allow":["GET"]}}],"collection":[{"href":"https:\/\/sarvsanatsepahan.com\/fr\/wp-json\/wp\/v2\/pages"}],"about":[{"href":"https:\/\/sarvsanatsepahan.com\/fr\/wp-json\/wp\/v2\/types\/page"}],"author":[{"embeddable":true,"href":"https:\/\/sarvsanatsepahan.com\/fr\/wp-json\/wp\/v2\/users\/1"}],"replies":[{"embeddable":true,"href":"https:\/\/sarvsanatsepahan.com\/fr\/wp-json\/wp\/v2\/comments?post=144"}],"version-history":[{"count":7,"href":"https:\/\/sarvsanatsepahan.com\/fr\/wp-json\/wp\/v2\/pages\/144\/revisions"}],"predecessor-version":[{"id":1888,"href":"https:\/\/sarvsanatsepahan.com\/fr\/wp-json\/wp\/v2\/pages\/144\/revisions\/1888"}],"wp:attachment":[{"href":"https:\/\/sarvsanatsepahan.com\/fr\/wp-json\/wp\/v2\/media?parent=144"}],"curies":[{"name":"wp","href":"https:\/\/api.w.org\/{rel}","templated":true}]}}