{"id":153,"date":"2024-01-15T22:22:51","date_gmt":"2024-01-15T18:52:51","guid":{"rendered":"https:\/\/hodamoment.ir\/demo01\/?page_id=153"},"modified":"2024-02-25T08:28:14","modified_gmt":"2024-02-25T08:28:14","slug":"qualitative-goals","status":"publish","type":"page","link":"https:\/\/sarvsanatsepahan.com\/fr\/qualitative-goals\/","title":{"rendered":"Objectifs qualitatifs"},"content":{"rendered":"\t\t<div data-elementor-type=\"wp-page\" data-elementor-id=\"153\" class=\"elementor elementor-153\" data-elementor-post-type=\"page\">\n\t\t\t\t<div class=\"elementor-element elementor-element-0496a2e e-flex e-con-boxed e-con e-parent\" data-id=\"0496a2e\" data-element_type=\"container\" data-settings=\"{&quot;background_background&quot;:&quot;classic&quot;,&quot;container_type&quot;:&quot;flex&quot;,&quot;content_width&quot;:&quot;boxed&quot;}\" data-e-bg-lazyload=\"\" data-core-v316-plus=\"true\">\n\t\t\t\t\t<div class=\"e-con-inner\">\n\t\t\t\t<div class=\"elementor-element elementor-element-c67d563 elementor-widget elementor-widget-heading\" data-id=\"c67d563\" data-element_type=\"widget\" data-widget_type=\"heading.default\">\n\t\t\t\t<div class=\"elementor-widget-container\">\n\t\t\t<style>\/*! elementor - v3.19.0 - 07-02-2024 *\/\n.elementor-heading-title{padding:0;margin:0;line-height:1}.elementor-widget-heading .elementor-heading-title[class*=elementor-size-]>a{color:inherit;font-size:inherit;line-height:inherit}.elementor-widget-heading .elementor-heading-title.elementor-size-small{font-size:15px}.elementor-widget-heading .elementor-heading-title.elementor-size-medium{font-size:19px}.elementor-widget-heading .elementor-heading-title.elementor-size-large{font-size:29px}.elementor-widget-heading .elementor-heading-title.elementor-size-xl{font-size:39px}.elementor-widget-heading .elementor-heading-title.elementor-size-xxl{font-size:59px}<\/style><h1 class=\"elementor-heading-title elementor-size-default\">Objectifs qualitatifs<\/h1>\t\t<\/div>\n\t\t\t\t<\/div>\n\t\t\t\t<div class=\"elementor-element elementor-element-f338f26 elementor-widget elementor-widget-text-editor\" data-id=\"f338f26\" data-element_type=\"widget\" data-widget_type=\"text-editor.default\">\n\t\t\t\t<div class=\"elementor-widget-container\">\n\t\t\t<style>\/*! elementor - v3.19.0 - 07-02-2024 *\/\n.elementor-widget-text-editor.elementor-drop-cap-view-stacked .elementor-drop-cap{background-color:#69727d;color:#fff}.elementor-widget-text-editor.elementor-drop-cap-view-framed .elementor-drop-cap{color:#69727d;border:3px solid;background-color:transparent}.elementor-widget-text-editor:not(.elementor-drop-cap-view-default) .elementor-drop-cap{margin-top:8px}.elementor-widget-text-editor:not(.elementor-drop-cap-view-default) .elementor-drop-cap-letter{width:1em;height:1em}.elementor-widget-text-editor .elementor-drop-cap{float:left;text-align:center;line-height:1;font-size:50px}.elementor-widget-text-editor .elementor-drop-cap-letter{display:inline-block}<\/style>\t\t\t\t<p class=\"elementor-heading-title elementor-size-default\">Objectifs qualitatifs<\/p>\t\t\t\t\t\t<\/div>\n\t\t\t\t<\/div>\n\t\t\t\t\t<\/div>\n\t\t\t\t<\/div>\n\t\t<div class=\"elementor-element elementor-element-335e53b e-flex e-con-boxed e-con e-parent\" data-id=\"335e53b\" data-element_type=\"container\" data-settings=\"{&quot;container_type&quot;:&quot;flex&quot;,&quot;content_width&quot;:&quot;boxed&quot;}\" data-core-v316-plus=\"true\">\n\t\t\t\t\t<div class=\"e-con-inner\">\n\t\t\t\t<div class=\"elementor-element elementor-element-b451611 elementor-widget elementor-widget-text-editor\" data-id=\"b451611\" data-element_type=\"widget\" data-widget_type=\"text-editor.default\">\n\t\t\t\t<div class=\"elementor-widget-container\">\n\t\t\t\t\t\t\t<p>Objectifs organisationnels (macro-orientations de l&#8217;organisation):<br \/><br \/><\/p><ul><li>Accro\u00eetre la satisfaction des clients gr\u00e2ce \u00e0 l&#8217;am\u00e9lioration de la qualit\u00e9 et \u00e0 la livraison dans les d\u00e9lais.<\/li><li>Pr\u00eater attention aux capacit\u00e9s de production afin d&#8217;atteindre le d\u00e9veloppement du march\u00e9 et des produits.<\/li><li>Examiner et mettre \u00e0 niveau les processus et les repenser en incluant les exigences environnementales dans le syst\u00e8me de gestion de l&#8217;organisation et en \u00e9valuant son efficacit\u00e9.<\/li><li>Maintenir l&#8217;am\u00e9lioration et le d\u00e9veloppement du capital humain par la mise en place et la croissance de mod\u00e8les de ressources humaines.<\/li><\/ul><p>\u00a0<\/p><h5><span style=\"color: #2d2b72;\">vision:<\/span><\/h5><p>Excellence dans la production de pi\u00e8ces de carrosserie en polym\u00e8re, des pi\u00e8ces polym\u00e8res color\u00e9es, composite et m\u00e9tal.<\/p><p>\u00a0<\/p><h5><span style=\"color: #2d2b72;\">Valeurs organisationnelles:<\/span><br \/><br \/><\/h5><p>Production au plus juste tout en pr\u00e9servant la dignit\u00e9 humaine et l&#8217;environnement.<\/p><p>\u00a0<\/p>\t\t\t\t\t\t<\/div>\n\t\t\t\t<\/div>\n\t\t\t\t\t<\/div>\n\t\t\t\t<\/div>\n\t\t\t\t<\/div>\n\t\t","protected":false},"excerpt":{"rendered":"<p>Objectifs qualitatifs Objectifs organisationnels (macro-orientations de l&#8217;organisation): Accro\u00eetre la satisfaction des clients gr\u00e2ce \u00e0 l&#8217;am\u00e9lioration de la qualit\u00e9 et \u00e0 la livraison dans les d\u00e9lais. Pr\u00eater attention aux capacit\u00e9s de production afin d&#8217;atteindre le d\u00e9veloppement du march\u00e9 et des produits. Examiner et mettre \u00e0 niveau les processus et les repenser en incluant les exigences environnementales [&hellip;]<\/p>\n","protected":false},"author":1,"featured_media":0,"parent":0,"menu_order":0,"comment_status":"closed","ping_status":"closed","template":"","meta":{"footnotes":""},"class_list":["post-153","page","type-page","status-publish","hentry"],"_links":{"self":[{"href":"https:\/\/sarvsanatsepahan.com\/fr\/wp-json\/wp\/v2\/pages\/153","targetHints":{"allow":["GET"]}}],"collection":[{"href":"https:\/\/sarvsanatsepahan.com\/fr\/wp-json\/wp\/v2\/pages"}],"about":[{"href":"https:\/\/sarvsanatsepahan.com\/fr\/wp-json\/wp\/v2\/types\/page"}],"author":[{"embeddable":true,"href":"https:\/\/sarvsanatsepahan.com\/fr\/wp-json\/wp\/v2\/users\/1"}],"replies":[{"embeddable":true,"href":"https:\/\/sarvsanatsepahan.com\/fr\/wp-json\/wp\/v2\/comments?post=153"}],"version-history":[{"count":7,"href":"https:\/\/sarvsanatsepahan.com\/fr\/wp-json\/wp\/v2\/pages\/153\/revisions"}],"predecessor-version":[{"id":1835,"href":"https:\/\/sarvsanatsepahan.com\/fr\/wp-json\/wp\/v2\/pages\/153\/revisions\/1835"}],"wp:attachment":[{"href":"https:\/\/sarvsanatsepahan.com\/fr\/wp-json\/wp\/v2\/media?parent=153"}],"curies":[{"name":"wp","href":"https:\/\/api.w.org\/{rel}","templated":true}]}}