{"id":155,"date":"2024-01-15T22:23:18","date_gmt":"2024-01-15T18:53:18","guid":{"rendered":"https:\/\/hodamoment.ir\/demo01\/?page_id=155"},"modified":"2024-02-23T09:57:25","modified_gmt":"2024-02-23T09:57:25","slug":"politique-de-la-qualite","status":"publish","type":"page","link":"https:\/\/sarvsanatsepahan.com\/fr\/politique-de-la-qualite\/","title":{"rendered":"politique de la qualite"},"content":{"rendered":"\t\t<div data-elementor-type=\"wp-page\" data-elementor-id=\"155\" class=\"elementor elementor-155\" data-elementor-post-type=\"page\">\n\t\t\t\t<div class=\"elementor-element elementor-element-483a776 e-flex e-con-boxed e-con e-parent\" data-id=\"483a776\" data-element_type=\"container\" data-settings=\"{&quot;background_background&quot;:&quot;classic&quot;,&quot;container_type&quot;:&quot;flex&quot;,&quot;content_width&quot;:&quot;boxed&quot;}\" data-e-bg-lazyload=\"\" data-core-v316-plus=\"true\">\n\t\t\t\t\t<div class=\"e-con-inner\">\n\t\t\t\t<div class=\"elementor-element elementor-element-076308c elementor-widget elementor-widget-text-editor\" data-id=\"076308c\" data-element_type=\"widget\" data-widget_type=\"text-editor.default\">\n\t\t\t\t<div class=\"elementor-widget-container\">\n\t\t\t<style>\/*! elementor - v3.19.0 - 07-02-2024 *\/\n.elementor-widget-text-editor.elementor-drop-cap-view-stacked .elementor-drop-cap{background-color:#69727d;color:#fff}.elementor-widget-text-editor.elementor-drop-cap-view-framed .elementor-drop-cap{color:#69727d;border:3px solid;background-color:transparent}.elementor-widget-text-editor:not(.elementor-drop-cap-view-default) .elementor-drop-cap{margin-top:8px}.elementor-widget-text-editor:not(.elementor-drop-cap-view-default) .elementor-drop-cap-letter{width:1em;height:1em}.elementor-widget-text-editor .elementor-drop-cap{float:left;text-align:center;line-height:1;font-size:50px}.elementor-widget-text-editor .elementor-drop-cap-letter{display:inline-block}<\/style>\t\t\t\t<p>Politique de la qualit\u00e9<\/p>\t\t\t\t\t\t<\/div>\n\t\t\t\t<\/div>\n\t\t\t\t\t<\/div>\n\t\t\t\t<\/div>\n\t\t<div class=\"elementor-element elementor-element-2c63e3f e-flex e-con-boxed e-con e-parent\" data-id=\"2c63e3f\" data-element_type=\"container\" data-settings=\"{&quot;container_type&quot;:&quot;flex&quot;,&quot;content_width&quot;:&quot;boxed&quot;}\" data-core-v316-plus=\"true\">\n\t\t\t\t\t<div class=\"e-con-inner\">\n\t\t\t\t<div class=\"elementor-element elementor-element-e6ea663 elementor-widget elementor-widget-text-editor\" data-id=\"e6ea663\" data-element_type=\"widget\" data-widget_type=\"text-editor.default\">\n\t\t\t\t<div class=\"elementor-widget-container\">\n\t\t\t\t\t\t\t<p>Selon Dieu Tout-Puissant et en utilisant des experts et des employ\u00e9s exp\u00e9riment\u00e9s, la soci\u00e9t\u00e9 Sarv Sanat Sepahan, annonce son activit\u00e9 dans le domaine de la production et la pr\u00e9sentation de divers types de pi\u00e8ces automobiles en polym\u00e8re. L\u2019objectif principal de cette soci\u00e9t\u00e9 est la satisfaction des clients et d\u2019augmenter la productivit\u00e9. \u00c0 cet \u00e9gard, la soci\u00e9t\u00e9 est d\u00e9termin\u00e9e \u00e0 \u00e9tablir, mettre en \u0153uvre et maintenir les \u00e9l\u00e9ments suivants en utilisant la norme ISO \/ TS16949-2009.<\/p><ul><li>Mise \u00e0 niveau de la gestion de la qualit\u00e9 du syst\u00e8me pour r\u00e9pondre aux besoins des clients.<\/li><li>Livraison dans les d\u00e9lais des produits des clients conform\u00e9ment \u00e0 leurs besoins .<\/li><li>Formation continue des ressources humaines \u00e0 tous les niveaux de la soci\u00e9t\u00e9 afin de promouvoir une culture de la qualit\u00e9 et d\u2019am\u00e9liorer leur niveau d\u2019expertise et de comp\u00e9tences.<\/li><li>R\u00e9duction des d\u00e9chets de production afin d\u2019atteindre le z\u00e9ro d\u00e9chet.<\/li><li>Cr\u00e9er un syst\u00e8me de motivation \u00e0 tous les niveaux de la soci\u00e9t\u00e9 .<\/li><li>Augmenter les ventes de produits et la p\u00e9n\u00e9tration sur le march\u00e9 mondial.<br \/><br \/><\/li><\/ul>\t\t\t\t\t\t<\/div>\n\t\t\t\t<\/div>\n\t\t\t\t<div class=\"elementor-element elementor-element-e8979df elementor-blockquote--skin-quotation elementor-blockquote--align-left elementor-blockquote--button-color-official elementor-widget elementor-widget-blockquote\" data-id=\"e8979df\" data-element_type=\"widget\" data-widget_type=\"blockquote.default\">\n\t\t\t\t<div class=\"elementor-widget-container\">\n\t\t\t<style>\/*! elementor-pro - v3.19.0 - 26-02-2024 *\/\n@charset \"UTF-8\";.entry-content blockquote.elementor-blockquote:not(.alignright):not(.alignleft),.entry-summary blockquote.elementor-blockquote{margin-right:0;margin-left:0}.elementor-widget-blockquote blockquote{margin:0;padding:0;outline:0;font-size:100%;vertical-align:baseline;background:transparent;quotes:none;border:0;font-style:normal;color:#3f444b}.elementor-widget-blockquote blockquote .e-q-footer:after,.elementor-widget-blockquote blockquote .e-q-footer:before,.elementor-widget-blockquote blockquote:after,.elementor-widget-blockquote blockquote:before,.elementor-widget-blockquote blockquote cite:after,.elementor-widget-blockquote blockquote cite:before{content:none}.elementor-blockquote{transition:.3s}.elementor-blockquote__author,.elementor-blockquote__content{margin-bottom:0;font-style:normal}.elementor-blockquote__author{font-weight:700}.elementor-blockquote .e-q-footer{margin-top:12px;display:flex;justify-content:space-between}.elementor-blockquote__tweet-button{display:flex;transition:.3s;color:#1da1f2;align-self:flex-end;line-height:1;position:relative;width:-moz-max-content;width:max-content}.elementor-blockquote__tweet-button:hover{color:#0967a0}.elementor-blockquote__tweet-button span{font-weight:600}.elementor-blockquote__tweet-button i,.elementor-blockquote__tweet-button span{vertical-align:middle}.elementor-blockquote__tweet-button i+span,.elementor-blockquote__tweet-button svg+span{margin-left:.5em}.elementor-blockquote__tweet-button svg{fill:#1da1f2;height:1em;width:1em}.elementor-blockquote__tweet-label{white-space:pre-wrap}.elementor-blockquote--button-skin-bubble .elementor-blockquote__tweet-button,.elementor-blockquote--button-skin-classic .elementor-blockquote__tweet-button{padding:.7em 1.2em;border-radius:100em;background-color:#1da1f2;color:#fff;font-size:15px}.elementor-blockquote--button-skin-bubble .elementor-blockquote__tweet-button:hover,.elementor-blockquote--button-skin-classic .elementor-blockquote__tweet-button:hover{background-color:#0967a0;color:#fff}.elementor-blockquote--button-skin-bubble .elementor-blockquote__tweet-button:hover:before,.elementor-blockquote--button-skin-classic .elementor-blockquote__tweet-button:hover:before{border-right-color:#0967a0}.elementor-blockquote--button-skin-bubble .elementor-blockquote__tweet-button svg,.elementor-blockquote--button-skin-classic .elementor-blockquote__tweet-button svg{fill:#fff;height:1em;width:1em}.elementor-blockquote--button-skin-bubble.elementor-blockquote--button-view-icon .elementor-blockquote__tweet-button,.elementor-blockquote--button-skin-classic.elementor-blockquote--button-view-icon .elementor-blockquote__tweet-button{padding:0;width:2em;height:2em}.elementor-blockquote--button-skin-bubble.elementor-blockquote--button-view-icon .elementor-blockquote__tweet-button i,.elementor-blockquote--button-skin-classic.elementor-blockquote--button-view-icon .elementor-blockquote__tweet-button i{position:absolute;left:50%;top:50%;transform:translate(-50%,-50%)}.elementor-blockquote--button-skin-bubble .elementor-blockquote__tweet-button:before{content:\"\";border:.5em solid transparent;border-right-color:#1da1f2;position:absolute;left:-.8em;top:50%;transform:translateY(-50%) scaleY(.65);transition:.3s}.elementor-blockquote--button-skin-bubble.elementor-blockquote--align-left .elementor-blockquote__tweet-button:before{right:auto;left:-.8em;border-right-color:#1da1f2;border-left-color:transparent}.elementor-blockquote--button-skin-bubble.elementor-blockquote--align-left .elementor-blockquote__tweet-button:hover:before{border-right-color:#0967a0}.elementor-blockquote--button-skin-bubble.elementor-blockquote--align-right .elementor-blockquote__tweet-button:before{left:auto;right:-.8em;border-right-color:transparent;border-left-color:#1da1f2}.elementor-blockquote--button-skin-bubble.elementor-blockquote--align-right .elementor-blockquote__tweet-button:hover:before{border-left-color:#0967a0}.elementor-blockquote--skin-boxed .elementor-blockquote{background-color:#f9fafa;padding:30px}.elementor-blockquote--skin-border .elementor-blockquote{border-color:#f9fafa;border-left:7px #f9fafa;border-style:solid;padding-left:20px}.elementor-blockquote--skin-quotation .elementor-blockquote:before{content:\"\u201c\";font-size:100px;color:#f9fafa;font-family:Times New Roman,Times,serif;font-weight:900;line-height:1;display:block;height:.6em}.elementor-blockquote--skin-quotation .elementor-blockquote__content{margin-top:15px}.elementor-blockquote--align-left .elementor-blockquote__content{text-align:left}.elementor-blockquote--align-left .elementor-blockquote .e-q-footer{flex-direction:row}.elementor-blockquote--align-right .elementor-blockquote__content{text-align:right}.elementor-blockquote--align-right .elementor-blockquote .e-q-footer{flex-direction:row-reverse}.elementor-blockquote--align-center .elementor-blockquote{text-align:center}.elementor-blockquote--align-center .elementor-blockquote .e-q-footer,.elementor-blockquote--align-center .elementor-blockquote__author{display:block}.elementor-blockquote--align-center .elementor-blockquote__tweet-button{margin-right:auto;margin-left:auto}<\/style>\t\t<blockquote class=\"elementor-blockquote\">\n\t\t\t<p class=\"elementor-blockquote__content\">\n\t\t\t\tJe m\u2019engage \u00e0 atteindre les objectifs ci-dessus et un syst\u00e8me de gestion de la qualit\u00e9 efficace qui b\u00e9n\u00e9ficiera des m\u00e9thodes d\u2019am\u00e9lioration continue et du plan d\u2019affaires. Je suis charg\u00e9 de veiller \u00e0 la compr\u00e9hension et \u00e0 la mise en \u0153uvre de la politique qualit\u00e9 en proc\u00e9dant \u00e0 des revues de direction, et tous les collaborateurs sont tenus de la mettre en \u0153uvre dans le cadre de leurs fonctions.\t\t\t<\/p>\n\t\t\t\t\t\t\t<div class=\"e-q-footer\">\n\t\t\t\t\t\t\t\t\t\t\t<cite class=\"elementor-blockquote__author\">Mohsen Shahi <br>Directeur g\u00e9n\u00e9ral<\/cite>\n\t\t\t\t\t\t\t\t\t\t\t\t\t\t<\/div>\n\t\t\t\t\t<\/blockquote>\n\t\t\t\t<\/div>\n\t\t\t\t<\/div>\n\t\t\t\t\t<\/div>\n\t\t\t\t<\/div>\n\t\t\t\t<\/div>\n\t\t","protected":false},"excerpt":{"rendered":"<p>Politique de la qualit\u00e9 Selon Dieu Tout-Puissant et en utilisant des experts et des employ\u00e9s exp\u00e9riment\u00e9s, la soci\u00e9t\u00e9 Sarv Sanat Sepahan, annonce son activit\u00e9 dans le domaine de la production et la pr\u00e9sentation de divers types de pi\u00e8ces automobiles en polym\u00e8re. L\u2019objectif principal de cette soci\u00e9t\u00e9 est la satisfaction des clients et d\u2019augmenter la productivit\u00e9. [&hellip;]<\/p>\n","protected":false},"author":1,"featured_media":0,"parent":0,"menu_order":0,"comment_status":"closed","ping_status":"closed","template":"","meta":{"footnotes":""},"class_list":["post-155","page","type-page","status-publish","hentry"],"_links":{"self":[{"href":"https:\/\/sarvsanatsepahan.com\/fr\/wp-json\/wp\/v2\/pages\/155","targetHints":{"allow":["GET"]}}],"collection":[{"href":"https:\/\/sarvsanatsepahan.com\/fr\/wp-json\/wp\/v2\/pages"}],"about":[{"href":"https:\/\/sarvsanatsepahan.com\/fr\/wp-json\/wp\/v2\/types\/page"}],"author":[{"embeddable":true,"href":"https:\/\/sarvsanatsepahan.com\/fr\/wp-json\/wp\/v2\/users\/1"}],"replies":[{"embeddable":true,"href":"https:\/\/sarvsanatsepahan.com\/fr\/wp-json\/wp\/v2\/comments?post=155"}],"version-history":[{"count":8,"href":"https:\/\/sarvsanatsepahan.com\/fr\/wp-json\/wp\/v2\/pages\/155\/revisions"}],"predecessor-version":[{"id":1459,"href":"https:\/\/sarvsanatsepahan.com\/fr\/wp-json\/wp\/v2\/pages\/155\/revisions\/1459"}],"wp:attachment":[{"href":"https:\/\/sarvsanatsepahan.com\/fr\/wp-json\/wp\/v2\/media?parent=155"}],"curies":[{"name":"wp","href":"https:\/\/api.w.org\/{rel}","templated":true}]}}