{"id":157,"date":"2024-01-15T22:23:31","date_gmt":"2024-01-15T18:53:31","guid":{"rendered":"https:\/\/hodamoment.ir\/demo01\/?page_id=157"},"modified":"2024-02-28T18:50:24","modified_gmt":"2024-02-28T18:50:24","slug":"certificats","status":"publish","type":"page","link":"https:\/\/sarvsanatsepahan.com\/fr\/certificats\/","title":{"rendered":"Certificats"},"content":{"rendered":"\t\t<div data-elementor-type=\"wp-page\" data-elementor-id=\"157\" class=\"elementor elementor-157\" data-elementor-post-type=\"page\">\n\t\t\t\t<div class=\"elementor-element elementor-element-670c103 e-flex e-con-boxed e-con e-parent\" data-id=\"670c103\" data-element_type=\"container\" data-settings=\"{&quot;background_background&quot;:&quot;classic&quot;,&quot;container_type&quot;:&quot;flex&quot;,&quot;content_width&quot;:&quot;boxed&quot;}\" data-e-bg-lazyload=\"\" data-core-v316-plus=\"true\">\n\t\t\t\t\t<div class=\"e-con-inner\">\n\t\t\t\t<div class=\"elementor-element elementor-element-cf0b43b elementor-widget elementor-widget-heading\" data-id=\"cf0b43b\" data-element_type=\"widget\" data-widget_type=\"heading.default\">\n\t\t\t\t<div class=\"elementor-widget-container\">\n\t\t\t<style>\/*! elementor - v3.19.0 - 07-02-2024 *\/\n.elementor-heading-title{padding:0;margin:0;line-height:1}.elementor-widget-heading .elementor-heading-title[class*=elementor-size-]>a{color:inherit;font-size:inherit;line-height:inherit}.elementor-widget-heading .elementor-heading-title.elementor-size-small{font-size:15px}.elementor-widget-heading .elementor-heading-title.elementor-size-medium{font-size:19px}.elementor-widget-heading .elementor-heading-title.elementor-size-large{font-size:29px}.elementor-widget-heading .elementor-heading-title.elementor-size-xl{font-size:39px}.elementor-widget-heading .elementor-heading-title.elementor-size-xxl{font-size:59px}<\/style><h1 class=\"elementor-heading-title elementor-size-default\">Certificats<\/h1>\t\t<\/div>\n\t\t\t\t<\/div>\n\t\t\t\t<div class=\"elementor-element elementor-element-a2b9901 elementor-widget elementor-widget-text-editor\" data-id=\"a2b9901\" data-element_type=\"widget\" data-widget_type=\"text-editor.default\">\n\t\t\t\t<div class=\"elementor-widget-container\">\n\t\t\t<style>\/*! elementor - v3.19.0 - 07-02-2024 *\/\n.elementor-widget-text-editor.elementor-drop-cap-view-stacked .elementor-drop-cap{background-color:#69727d;color:#fff}.elementor-widget-text-editor.elementor-drop-cap-view-framed .elementor-drop-cap{color:#69727d;border:3px solid;background-color:transparent}.elementor-widget-text-editor:not(.elementor-drop-cap-view-default) .elementor-drop-cap{margin-top:8px}.elementor-widget-text-editor:not(.elementor-drop-cap-view-default) .elementor-drop-cap-letter{width:1em;height:1em}.elementor-widget-text-editor .elementor-drop-cap{float:left;text-align:center;line-height:1;font-size:50px}.elementor-widget-text-editor .elementor-drop-cap-letter{display:inline-block}<\/style>\t\t\t\tLicences\t\t\t\t\t\t<\/div>\n\t\t\t\t<\/div>\n\t\t\t\t\t<\/div>\n\t\t\t\t<\/div>\n\t\t<div class=\"elementor-element elementor-element-7fb5738 e-flex e-con-boxed e-con e-parent\" data-id=\"7fb5738\" data-element_type=\"container\" data-settings=\"{&quot;container_type&quot;:&quot;flex&quot;,&quot;content_width&quot;:&quot;boxed&quot;}\" data-core-v316-plus=\"true\">\n\t\t\t\t\t<div class=\"e-con-inner\">\n\t\t\t\t<div class=\"elementor-element elementor-element-06bcb1f elementor-widget elementor-widget-text-editor\" data-id=\"06bcb1f\" data-element_type=\"widget\" data-widget_type=\"text-editor.default\">\n\t\t\t\t<div class=\"elementor-widget-container\">\n\t\t\t\t\t\t\t<p>La soci\u00e9t\u00e9 Sarv Sanat Sepahan afin de satisfaire les clients, de maintenir les march\u00e9s nationaux et d&#8217;acc\u00e9der aux march\u00e9s mondiaux, en \u00e9tablissant le syst\u00e8me de gestion de la qualit\u00e9 ISO TS et \u00e9galement en augmentant la productivit\u00e9, en 2014 a r\u00e9ussi \u00e0 obtenir les certifications ISOTS \/ 16949 et Grade B Sapco et en 2016 a r\u00e9ussi \u00e0 recevoir IATF Certification 16949 de la soci\u00e9t\u00e9 T\u00dcV NORD.<\/p>\t\t\t\t\t\t<\/div>\n\t\t\t\t<\/div>\n\t\t\t\t<div class=\"elementor-element elementor-element-86e35bd elementor-widget elementor-widget-image\" data-id=\"86e35bd\" data-element_type=\"widget\" data-widget_type=\"image.default\">\n\t\t\t\t<div class=\"elementor-widget-container\">\n\t\t\t<style>\/*! elementor - v3.19.0 - 07-02-2024 *\/\n.elementor-widget-image{text-align:center}.elementor-widget-image a{display:inline-block}.elementor-widget-image a img[src$=\".svg\"]{width:48px}.elementor-widget-image img{vertical-align:middle;display:inline-block}<\/style>\t\t\t\t\t\t\t\t\t\t<img fetchpriority=\"high\" decoding=\"async\" width=\"340\" height=\"255\" src=\"https:\/\/sarvsanatsepahan.com\/fr\/wp-content\/uploads\/2024\/01\/certificate-1.webp\" class=\"attachment-large size-large wp-image-564\" alt=\"\" srcset=\"https:\/\/sarvsanatsepahan.com\/fr\/wp-content\/uploads\/2024\/01\/certificate-1.webp 340w, https:\/\/sarvsanatsepahan.com\/fr\/wp-content\/uploads\/2024\/01\/certificate-1-300x225.webp 300w\" sizes=\"(max-width: 340px) 100vw, 340px\" \/>\t\t\t\t\t\t\t\t\t\t\t\t\t<\/div>\n\t\t\t\t<\/div>\n\t\t\t\t\t<\/div>\n\t\t\t\t<\/div>\n\t\t\t\t<\/div>\n\t\t","protected":false},"excerpt":{"rendered":"<p>Licences La soci\u00e9t\u00e9 Sarv Sanat Sepahan afin de satisfaire les clients, de maintenir les march\u00e9s nationaux et d&#8217;acc\u00e9der aux march\u00e9s mondiaux, en \u00e9tablissant le syst\u00e8me de gestion de la qualit\u00e9 ISO TS et \u00e9galement en augmentant la productivit\u00e9, en 2014 a r\u00e9ussi \u00e0 obtenir les certifications ISOTS \/ 16949 et Grade B Sapco et en [&hellip;]<\/p>\n","protected":false},"author":1,"featured_media":0,"parent":0,"menu_order":0,"comment_status":"closed","ping_status":"closed","template":"","meta":{"footnotes":""},"class_list":["post-157","page","type-page","status-publish","hentry"],"_links":{"self":[{"href":"https:\/\/sarvsanatsepahan.com\/fr\/wp-json\/wp\/v2\/pages\/157","targetHints":{"allow":["GET"]}}],"collection":[{"href":"https:\/\/sarvsanatsepahan.com\/fr\/wp-json\/wp\/v2\/pages"}],"about":[{"href":"https:\/\/sarvsanatsepahan.com\/fr\/wp-json\/wp\/v2\/types\/page"}],"author":[{"embeddable":true,"href":"https:\/\/sarvsanatsepahan.com\/fr\/wp-json\/wp\/v2\/users\/1"}],"replies":[{"embeddable":true,"href":"https:\/\/sarvsanatsepahan.com\/fr\/wp-json\/wp\/v2\/comments?post=157"}],"version-history":[{"count":9,"href":"https:\/\/sarvsanatsepahan.com\/fr\/wp-json\/wp\/v2\/pages\/157\/revisions"}],"predecessor-version":[{"id":1918,"href":"https:\/\/sarvsanatsepahan.com\/fr\/wp-json\/wp\/v2\/pages\/157\/revisions\/1918"}],"wp:attachment":[{"href":"https:\/\/sarvsanatsepahan.com\/fr\/wp-json\/wp\/v2\/media?parent=157"}],"curies":[{"name":"wp","href":"https:\/\/api.w.org\/{rel}","templated":true}]}}