{"id":197,"date":"2024-01-15T22:36:01","date_gmt":"2024-01-15T19:06:01","guid":{"rendered":"https:\/\/hodamoment.ir\/demo01\/?page_id=197"},"modified":"2024-02-28T19:10:11","modified_gmt":"2024-02-28T19:10:11","slug":"composes-dingenierie","status":"publish","type":"page","link":"https:\/\/sarvsanatsepahan.com\/fr\/composes-dingenierie\/","title":{"rendered":"Compos\u00e9s d&#8217;ing\u00e9nierie"},"content":{"rendered":"\t\t<div data-elementor-type=\"wp-page\" data-elementor-id=\"197\" class=\"elementor elementor-197\" data-elementor-post-type=\"page\">\n\t\t\t\t<div class=\"elementor-element elementor-element-cb3c912 e-flex e-con-boxed e-con e-parent\" data-id=\"cb3c912\" data-element_type=\"container\" data-settings=\"{&quot;background_background&quot;:&quot;classic&quot;,&quot;container_type&quot;:&quot;flex&quot;,&quot;content_width&quot;:&quot;boxed&quot;}\" data-e-bg-lazyload=\"\" data-core-v316-plus=\"true\">\n\t\t\t\t\t<div class=\"e-con-inner\">\n\t\t\t\t<div class=\"elementor-element elementor-element-3b753f5 elementor-widget elementor-widget-heading\" data-id=\"3b753f5\" data-element_type=\"widget\" data-widget_type=\"heading.default\">\n\t\t\t\t<div class=\"elementor-widget-container\">\n\t\t\t<style>\/*! elementor - v3.19.0 - 07-02-2024 *\/\n.elementor-heading-title{padding:0;margin:0;line-height:1}.elementor-widget-heading .elementor-heading-title[class*=elementor-size-]>a{color:inherit;font-size:inherit;line-height:inherit}.elementor-widget-heading .elementor-heading-title.elementor-size-small{font-size:15px}.elementor-widget-heading .elementor-heading-title.elementor-size-medium{font-size:19px}.elementor-widget-heading .elementor-heading-title.elementor-size-large{font-size:29px}.elementor-widget-heading .elementor-heading-title.elementor-size-xl{font-size:39px}.elementor-widget-heading .elementor-heading-title.elementor-size-xxl{font-size:59px}<\/style><h1 class=\"elementor-heading-title elementor-size-default\">Compos\u00e9s d&#8217;ing\u00e9nierie<\/h1>\t\t<\/div>\n\t\t\t\t<\/div>\n\t\t\t\t<div class=\"elementor-element elementor-element-4b31257 elementor-widget elementor-widget-text-editor\" data-id=\"4b31257\" data-element_type=\"widget\" data-widget_type=\"text-editor.default\">\n\t\t\t\t<div class=\"elementor-widget-container\">\n\t\t\t<style>\/*! elementor - v3.19.0 - 07-02-2024 *\/\n.elementor-widget-text-editor.elementor-drop-cap-view-stacked .elementor-drop-cap{background-color:#69727d;color:#fff}.elementor-widget-text-editor.elementor-drop-cap-view-framed .elementor-drop-cap{color:#69727d;border:3px solid;background-color:transparent}.elementor-widget-text-editor:not(.elementor-drop-cap-view-default) .elementor-drop-cap{margin-top:8px}.elementor-widget-text-editor:not(.elementor-drop-cap-view-default) .elementor-drop-cap-letter{width:1em;height:1em}.elementor-widget-text-editor .elementor-drop-cap{float:left;text-align:center;line-height:1;font-size:50px}.elementor-widget-text-editor .elementor-drop-cap-letter{display:inline-block}<\/style>\t\t\t\t<p>L&#8217;unit\u00e9 de compound<\/p>\t\t\t\t\t\t<\/div>\n\t\t\t\t<\/div>\n\t\t\t\t\t<\/div>\n\t\t\t\t<\/div>\n\t\t<div class=\"elementor-element elementor-element-48eddb6 e-flex e-con-boxed e-con e-parent\" data-id=\"48eddb6\" data-element_type=\"container\" data-settings=\"{&quot;container_type&quot;:&quot;flex&quot;,&quot;content_width&quot;:&quot;boxed&quot;}\" data-core-v316-plus=\"true\">\n\t\t\t\t\t<div class=\"e-con-inner\">\n\t\t\t\t<div class=\"elementor-element elementor-element-7c7a8d0 elementor-widget elementor-widget-text-editor\" data-id=\"7c7a8d0\" data-element_type=\"widget\" data-widget_type=\"text-editor.default\">\n\t\t\t\t<div class=\"elementor-widget-container\">\n\t\t\t\t\t\t\t<p>L&#8217;unit\u00e9 de compound, compos\u00e9e de trois salles de production et d&#8217;un entrep\u00f4t, est charg\u00e9e de produire diff\u00e9rents types de compound industriels utilis\u00e9s par la soci\u00e9t\u00e9. Cette unit\u00e9, b\u00e9n\u00e9ficiant de deux lignes de production d&#8217;extrudeuses, a une capacit\u00e9 de production d&#8217;environ <br \/>10000 kg de compos\u00e9 industriel par jour, et dans le plan de d\u00e9veloppement, il est pr\u00e9vu de doubler la capacit\u00e9 de production. L&#8217;unit\u00e9 de fabrication et de support (NET) b\u00e9n\u00e9ficiant des machines d&#8217;usinage \u00e0 commande num\u00e9rique, y compris les tours, les fraiseuses et les machines \u00e0 \u00e9tincelles, est responsable de la conception, de la production, du support, de la r\u00e9paration et de l&#8217;entretien des types de moules requis par les autres unit\u00e9s.<\/p>\t\t\t\t\t\t<\/div>\n\t\t\t\t<\/div>\n\t\t\t\t\t<\/div>\n\t\t\t\t<\/div>\n\t\t\t\t<\/div>\n\t\t","protected":false},"excerpt":{"rendered":"<p>L&#8217;unit\u00e9 de compound L&#8217;unit\u00e9 de compound, compos\u00e9e de trois salles de production et d&#8217;un entrep\u00f4t, est charg\u00e9e de produire diff\u00e9rents types de compound industriels utilis\u00e9s par la soci\u00e9t\u00e9. Cette unit\u00e9, b\u00e9n\u00e9ficiant de deux lignes de production d&#8217;extrudeuses, a une capacit\u00e9 de production d&#8217;environ 10000 kg de compos\u00e9 industriel par jour, et dans le plan de [&hellip;]<\/p>\n","protected":false},"author":1,"featured_media":0,"parent":0,"menu_order":0,"comment_status":"closed","ping_status":"closed","template":"","meta":{"footnotes":""},"class_list":["post-197","page","type-page","status-publish","hentry"],"_links":{"self":[{"href":"https:\/\/sarvsanatsepahan.com\/fr\/wp-json\/wp\/v2\/pages\/197","targetHints":{"allow":["GET"]}}],"collection":[{"href":"https:\/\/sarvsanatsepahan.com\/fr\/wp-json\/wp\/v2\/pages"}],"about":[{"href":"https:\/\/sarvsanatsepahan.com\/fr\/wp-json\/wp\/v2\/types\/page"}],"author":[{"embeddable":true,"href":"https:\/\/sarvsanatsepahan.com\/fr\/wp-json\/wp\/v2\/users\/1"}],"replies":[{"embeddable":true,"href":"https:\/\/sarvsanatsepahan.com\/fr\/wp-json\/wp\/v2\/comments?post=197"}],"version-history":[{"count":6,"href":"https:\/\/sarvsanatsepahan.com\/fr\/wp-json\/wp\/v2\/pages\/197\/revisions"}],"predecessor-version":[{"id":1966,"href":"https:\/\/sarvsanatsepahan.com\/fr\/wp-json\/wp\/v2\/pages\/197\/revisions\/1966"}],"wp:attachment":[{"href":"https:\/\/sarvsanatsepahan.com\/fr\/wp-json\/wp\/v2\/media?parent=197"}],"curies":[{"name":"wp","href":"https:\/\/api.w.org\/{rel}","templated":true}]}}