{"id":538,"date":"2024-01-17T23:04:11","date_gmt":"2024-01-17T19:34:11","guid":{"rendered":"https:\/\/hodamoment.ir\/demo01\/?page_id=538"},"modified":"2024-02-13T12:14:25","modified_gmt":"2024-02-13T12:14:25","slug":"rd","status":"publish","type":"page","link":"https:\/\/sarvsanatsepahan.com\/fr\/rd\/","title":{"rendered":"R&#038;D"},"content":{"rendered":"\t\t<div data-elementor-type=\"wp-page\" data-elementor-id=\"538\" class=\"elementor elementor-538\" data-elementor-post-type=\"page\">\n\t\t\t\t<div class=\"elementor-element elementor-element-d6085f3 e-flex e-con-boxed e-con e-parent\" data-id=\"d6085f3\" data-element_type=\"container\" data-settings=\"{&quot;background_background&quot;:&quot;classic&quot;,&quot;container_type&quot;:&quot;flex&quot;,&quot;content_width&quot;:&quot;boxed&quot;}\" data-e-bg-lazyload=\"\" data-core-v316-plus=\"true\">\n\t\t\t\t\t<div class=\"e-con-inner\">\n\t\t\t\t<div class=\"elementor-element elementor-element-2798a6b elementor-widget elementor-widget-heading\" data-id=\"2798a6b\" data-element_type=\"widget\" data-widget_type=\"heading.default\">\n\t\t\t\t<div class=\"elementor-widget-container\">\n\t\t\t<style>\/*! elementor - v3.19.0 - 07-02-2024 *\/\n.elementor-heading-title{padding:0;margin:0;line-height:1}.elementor-widget-heading .elementor-heading-title[class*=elementor-size-]>a{color:inherit;font-size:inherit;line-height:inherit}.elementor-widget-heading .elementor-heading-title.elementor-size-small{font-size:15px}.elementor-widget-heading .elementor-heading-title.elementor-size-medium{font-size:19px}.elementor-widget-heading .elementor-heading-title.elementor-size-large{font-size:29px}.elementor-widget-heading .elementor-heading-title.elementor-size-xl{font-size:39px}.elementor-widget-heading .elementor-heading-title.elementor-size-xxl{font-size:59px}<\/style><h1 class=\"elementor-heading-title elementor-size-default\">R&#038;D<\/h1>\t\t<\/div>\n\t\t\t\t<\/div>\n\t\t\t\t<div class=\"elementor-element elementor-element-1c57cbd elementor-widget elementor-widget-text-editor\" data-id=\"1c57cbd\" data-element_type=\"widget\" data-widget_type=\"text-editor.default\">\n\t\t\t\t<div class=\"elementor-widget-container\">\n\t\t\t<style>\/*! elementor - v3.19.0 - 07-02-2024 *\/\n.elementor-widget-text-editor.elementor-drop-cap-view-stacked .elementor-drop-cap{background-color:#69727d;color:#fff}.elementor-widget-text-editor.elementor-drop-cap-view-framed .elementor-drop-cap{color:#69727d;border:3px solid;background-color:transparent}.elementor-widget-text-editor:not(.elementor-drop-cap-view-default) .elementor-drop-cap{margin-top:8px}.elementor-widget-text-editor:not(.elementor-drop-cap-view-default) .elementor-drop-cap-letter{width:1em;height:1em}.elementor-widget-text-editor .elementor-drop-cap{float:left;text-align:center;line-height:1;font-size:50px}.elementor-widget-text-editor .elementor-drop-cap-letter{display:inline-block}<\/style>\t\t\t\t<p>R&amp;D<\/p>\t\t\t\t\t\t<\/div>\n\t\t\t\t<\/div>\n\t\t\t\t\t<\/div>\n\t\t\t\t<\/div>\n\t\t<div class=\"elementor-element elementor-element-ac74994 e-flex e-con-boxed e-con e-parent\" data-id=\"ac74994\" data-element_type=\"container\" data-settings=\"{&quot;container_type&quot;:&quot;flex&quot;,&quot;content_width&quot;:&quot;boxed&quot;}\" data-core-v316-plus=\"true\">\n\t\t\t\t\t<div class=\"e-con-inner\">\n\t\t\t\t<div class=\"elementor-element elementor-element-c2c8c89 elementor-widget elementor-widget-text-editor\" data-id=\"c2c8c89\" data-element_type=\"widget\" data-widget_type=\"text-editor.default\">\n\t\t\t\t<div class=\"elementor-widget-container\">\n\t\t\t\t\t\t\t<p>La surveillance exacte des \u00e9volutions et innovations de l&#8217;industrie automobile et de leur localisation ne peut se faire que par la recherche et le d\u00e9veloppement, le d\u00e9partement ing\u00e9nierie de l&#8217;entreprise compos\u00e9 d&#8217;une \u00e9quipe de 10 ing\u00e9nieurs dans les domaines de la m\u00e9canique, de l&#8217;\u00e9lectricit\u00e9, de l&#8217;\u00e9lectronique, de l&#8217;instrumentation, de la chimie et informatique dans les domaines de la recherche et du d\u00e9veloppement de produits, des r\u00e9parations, de l&#8217;exploitation et de la planification, ainsi que d&#8217;autres unit\u00e9s, travaillent pour atteindre les objectifs les plus \u00e9lev\u00e9s de l&#8217;organisation. Afin d&#8217;appliquer les nouvelles connaissances, l&#8217;unit\u00e9 de recherche et d\u00e9veloppement des derni\u00e8res technologies mondiales, en particulier de l&#8217;industrie automobile, les suit et les localise \u00e0 l&#8217;aide d&#8217;\u00e9quipements et de logiciels populaires et en ligne de l&#8217;industrie automobile<\/p>\t\t\t\t\t\t<\/div>\n\t\t\t\t<\/div>\n\t\t\t\t\t<\/div>\n\t\t\t\t<\/div>\n\t\t\t\t<\/div>\n\t\t","protected":false},"excerpt":{"rendered":"<p>R&amp;D La surveillance exacte des \u00e9volutions et innovations de l&#8217;industrie automobile et de leur localisation ne peut se faire que par la recherche et le d\u00e9veloppement, le d\u00e9partement ing\u00e9nierie de l&#8217;entreprise compos\u00e9 d&#8217;une \u00e9quipe de 10 ing\u00e9nieurs dans les domaines de la m\u00e9canique, de l&#8217;\u00e9lectricit\u00e9, de l&#8217;\u00e9lectronique, de l&#8217;instrumentation, de la chimie et informatique dans [&hellip;]<\/p>\n","protected":false},"author":1,"featured_media":0,"parent":0,"menu_order":0,"comment_status":"closed","ping_status":"closed","template":"","meta":{"footnotes":""},"class_list":["post-538","page","type-page","status-publish","hentry"],"_links":{"self":[{"href":"https:\/\/sarvsanatsepahan.com\/fr\/wp-json\/wp\/v2\/pages\/538","targetHints":{"allow":["GET"]}}],"collection":[{"href":"https:\/\/sarvsanatsepahan.com\/fr\/wp-json\/wp\/v2\/pages"}],"about":[{"href":"https:\/\/sarvsanatsepahan.com\/fr\/wp-json\/wp\/v2\/types\/page"}],"author":[{"embeddable":true,"href":"https:\/\/sarvsanatsepahan.com\/fr\/wp-json\/wp\/v2\/users\/1"}],"replies":[{"embeddable":true,"href":"https:\/\/sarvsanatsepahan.com\/fr\/wp-json\/wp\/v2\/comments?post=538"}],"version-history":[{"count":3,"href":"https:\/\/sarvsanatsepahan.com\/fr\/wp-json\/wp\/v2\/pages\/538\/revisions"}],"predecessor-version":[{"id":1413,"href":"https:\/\/sarvsanatsepahan.com\/fr\/wp-json\/wp\/v2\/pages\/538\/revisions\/1413"}],"wp:attachment":[{"href":"https:\/\/sarvsanatsepahan.com\/fr\/wp-json\/wp\/v2\/media?parent=538"}],"curies":[{"name":"wp","href":"https:\/\/api.w.org\/{rel}","templated":true}]}}